{"id":402,"date":"2022-10-04T13:58:32","date_gmt":"2022-10-04T13:58:32","guid":{"rendered":"https:\/\/www.casa-daniele.it\/casa-daniele-sanremo\/da-vivere-a-sanremo\/"},"modified":"2022-10-04T16:42:19","modified_gmt":"2022-10-04T16:42:19","slug":"da-vivere-a-sanremo","status":"publish","type":"page","link":"https:\/\/www.casa-daniele.it\/it\/casa-daniele-sanremo\/da-vivere-a-sanremo\/","title":{"rendered":"Da vivere a Sanremo"},"content":{"rendered":"\n\t<section class=\"section dark\" id=\"section_1663072210\">\n\t\t<div class=\"section-bg fill\" >\n\t\t\t<img loading=\"lazy\" decoding=\"async\" width=\"1024\" height=\"683\" src=\"https:\/\/www.casa-daniele.it\/wp-content\/uploads\/2022\/09\/Liguria-sanremo-casino-municipale-.jpg\" class=\"bg attachment-original size-original\" alt=\"\" \/>\t\t\t\t\t\t<div class=\"section-bg-overlay absolute fill\"><\/div>\n\t\t\t\n\n\t\t<\/div>\n\n\t\t\n\n\t\t<div class=\"section-content relative\">\n\t\t\t\n<div class=\"row\" style=\"max-width:1300px\" id=\"row-369217217\">\n\n\t<div id=\"col-1769081318\" class=\"col medium-5 small-12 large-5\"  >\n\t\t\t\t<div class=\"col-inner\"  >\n\t\t\t\n\t\t\t\n\t\t<\/div>\n\t\t\t\t\n<style>\n#col-1769081318 > .col-inner {\n  margin: 0 0px 0px 0px;\n}\n@media (min-width:550px) {\n  #col-1769081318 > .col-inner {\n    margin: 185px 0px 0px 0px;\n  }\n}\n@media (min-width:850px) {\n  #col-1769081318 > .col-inner {\n    margin: 483px 0px 0px 0px;\n  }\n}\n<\/style>\n\t<\/div>\n\n\t\n<\/div>\n\t\t<\/div>\n\n\t\t\n<style>\n#section_1663072210 {\n  padding-top: 0px;\n  padding-bottom: 0px;\n  min-height: 500px;\n}\n#section_1663072210 .section-bg-overlay {\n  background-color: rgba(0, 0, 0, 0.33);\n}\n#section_1663072210 .section-bg img {\n  object-position: 46% 74%;\n}\n@media (min-width:550px) {\n  #section_1663072210 {\n    min-height: 500px;\n  }\n}\n@media (min-width:850px) {\n  #section_1663072210 {\n    min-height: 600px;\n  }\n  #section_1663072210 .section-bg-overlay {\n    background-color: rgba(0, 0, 0, 0.15);\n  }\n}\n<\/style>\n\t<\/section>\n\t\n<div class=\"row align-right\" style=\"max-width:1300px\" id=\"row-548177738\">\n\n\t<div id=\"col-612460768\" class=\"col medium-12 small-12 large-6\"  >\n\t\t\t\t<div class=\"col-inner dark\" style=\"background-color:#446084;\" >\n\t\t\t\n\t\t\t\n\t<div id=\"text-2714770007\" class=\"text\">\n\t\t\n<h1>Vivere Sanremo<\/h1>\n\t\t\n<style>\n#text-2714770007 {\n  font-size: 1.25rem;\n}\n@media (min-width:550px) {\n  #text-2714770007 {\n    font-size: 1.5rem;\n  }\n}\n<\/style>\n\t<\/div>\n\t\n<div class=\"is-divider divider clearfix\" style=\"margin-top:25px;margin-bottom:25px;max-width:100px;background-color:rgb(255, 255, 255);\"><\/div>\n<p>Con il suo clima gradevole tutto l&#8217;anno, Sanremo \u00e8 stata una popolare destinazione turistica fin dalla met\u00e0 del XVI secolo, attirando visitatori da tutta Europa.<\/p>\n\t\t<\/div>\n\t\t\t\t\n<style>\n#col-612460768 > .col-inner {\n  padding: 40px 40px 40px 40px;\n  margin: -75px 0px 0px 0px;\n}\n@media (min-width:550px) {\n  #col-612460768 > .col-inner {\n    padding: 60px 80px 60px 80px;\n    margin: -121px 0px 0px 0px;\n  }\n}\n@media (min-width:850px) {\n  #col-612460768 > .col-inner {\n    margin: -225px 0px 0px 0px;\n  }\n}\n<\/style>\n\t<\/div>\n\n\t\n<\/div>\n\n\t<section class=\"section\" id=\"section_369388033\">\n\t\t<div class=\"section-bg fill\" >\n\t\t\t\t\t\t\t\t\t\n\t\t\t\n\n\t\t<\/div>\n\n\t\t\n\n\t\t<div class=\"section-content relative\">\n\t\t\t\n<div class=\"row align-middle\" style=\"max-width:1300px\" id=\"row-173170836\">\n\n\t<div id=\"col-1207387712\" class=\"col medium-12 small-12 large-5\"  >\n\t\t\t\t<div class=\"col-inner\"  >\n\t\t\t\n\t\t\t\n\n  <div class=\"banner has-hover\" id=\"banner-191279215\">\n          <div class=\"banner-inner fill\">\n        <div class=\"banner-bg fill\" >\n            <img loading=\"lazy\" decoding=\"async\" width=\"1020\" height=\"680\" src=\"https:\/\/www.casa-daniele.it\/wp-content\/uploads\/2022\/10\/Fahrradweg-Sanremo-1024x683.jpg\" class=\"bg attachment-large size-large\" alt=\"\" \/>                                    \n                    <\/div>\n\t\t\n        <div class=\"banner-layers container\">\n            <div class=\"fill banner-link\"><\/div>            \n        <\/div>\n      <\/div>\n\n            \n<style>\n#banner-191279215 {\n  padding-top: 350px;\n  background-color: rgb(255, 255, 255);\n}\n@media (min-width:550px) {\n  #banner-191279215 {\n    padding-top: 400px;\n  }\n}\n@media (min-width:850px) {\n  #banner-191279215 {\n    padding-top: 500px;\n  }\n}\n<\/style>\n  <\/div>\n\n\n\t\t<\/div>\n\t\t\t\t\n<style>\n#col-1207387712 > .col-inner {\n  margin: -0 0px 0px 0px;\n}\n@media (min-width:850px) {\n  #col-1207387712 > .col-inner {\n    margin: -100px 0px 0px 0px;\n  }\n}\n<\/style>\n\t<\/div>\n\n\t\n\n\t<div id=\"col-582387432\" class=\"col medium-10 small-12 large-5\"  >\n\t\t\t\t<div class=\"col-inner\"  >\n\t\t\t\n\t\t\t\n\t<div id=\"text-1724786953\" class=\"text\">\n\t\t\n<h2>La pista ciclabile pi\u00f9 bella<\/h2>\n<h2><strong>Area 24<\/strong><\/h2>\n\t\t\n<style>\n#text-1724786953 {\n  font-size: 1.25rem;\n}\n<\/style>\n\t<\/div>\n\t\n<p>Una pista ciclabile di 24 km lungo la costa della Riviera dei Fiori delizia tutti i visitatori e, naturalmente, tutti i residenti. Panorami unici e splendidi villaggi aspettano di essere scoperti. Con il nome di &#8220;Area 24&#8221;. Costruita nel 2011 con i fondi dell&#8217;UE, \u00e8 una delle piste ciclabili pi\u00f9 belle d&#8217;Europa!<\/p>\n<p>Suggerimento: A circa 5 minuti a piedi dal nostro appartamento c&#8217;\u00e8 un negozio di noleggio biciclette. Non solo biciclette, ma anche tutti i tipi di mezzi di trasporto per la bellissima pista ciclabile possono essere noleggiati.<\/p>\n\t\t<\/div>\n\t\t\t\t\n<style>\n#col-582387432 > .col-inner {\n  padding: 0px 0px 0px 0;\n}\n@media (min-width:850px) {\n  #col-582387432 > .col-inner {\n    padding: 0px 0px 0px 105px;\n  }\n}\n<\/style>\n\t<\/div>\n\n\t\n<\/div>\n\t<div id=\"gap-1363561892\" class=\"gap-element clearfix\" style=\"display:block; height:auto;\">\n\t\t\n<style>\n#gap-1363561892 {\n  padding-top: 0px;\n}\n@media (min-width:850px) {\n  #gap-1363561892 {\n    padding-top: 45px;\n  }\n}\n<\/style>\n\t<\/div>\n\t\n\t\t<\/div>\n\n\t\t\n<style>\n#section_369388033 {\n  padding-top: 30px;\n  padding-bottom: 30px;\n}\n<\/style>\n\t<\/section>\n\t\n\n\t<section class=\"section\" id=\"section_4241153\">\n\t\t<div class=\"section-bg fill\" >\n\t\t\t\t\t\t\t\t\t\n\t\t\t\n\n\t\t<\/div>\n\n\t\t\n\n\t\t<div class=\"section-content relative\">\n\t\t\t\n\t<div id=\"gap-1967711143\" class=\"gap-element clearfix\" style=\"display:block; height:auto;\">\n\t\t\n<style>\n#gap-1967711143 {\n  padding-top: 30px;\n}\n<\/style>\n\t<\/div>\n\t\n<div class=\"row align-right\" style=\"max-width:1300px\" id=\"row-1012700395\">\n\n\t<div id=\"col-384355628\" class=\"col medium-3 small-12 large-3\"  >\n\t\t\t\t<div class=\"col-inner\"  >\n\t\t\t\n\t\t\t\n\t<div id=\"text-1409473131\" class=\"text\">\n\t\t\n<h3><span style=\"color: #f2f2f2;\">Esclusivo<\/span><\/h3>\n\t\t\n<style>\n#text-1409473131 {\n  font-size: 3.75rem;\n  line-height: 1;\n  color: rgb(217, 217, 217);\n}\n#text-1409473131 > * {\n  color: rgb(217, 217, 217);\n}\n@media (min-width:550px) {\n  #text-1409473131 {\n    font-size: 3rem;\n  }\n}\n@media (min-width:850px) {\n  #text-1409473131 {\n    font-size: 4rem;\n  }\n}\n<\/style>\n\t<\/div>\n\t\n\t\t<\/div>\n\t\t\t\t\t<\/div>\n\n\t\n\n\t<div id=\"col-633293379\" class=\"col medium-9 small-12 large-9\"  >\n\t\t\t\t<div class=\"col-inner\"  >\n\t\t\t\n\t\t\t\n\n  <div class=\"banner has-hover\" id=\"banner-722532613\">\n          <div class=\"banner-inner fill\">\n        <div class=\"banner-bg fill\" >\n            <img loading=\"lazy\" decoding=\"async\" width=\"1020\" height=\"574\" src=\"https:\/\/www.casa-daniele.it\/wp-content\/uploads\/2022\/10\/12382-1024x576.jpg\" class=\"bg attachment-large size-large\" alt=\"\" \/>                                    \n                    <\/div>\n\t\t\n        <div class=\"banner-layers container\">\n            <div class=\"fill banner-link\"><\/div>            \n        <\/div>\n      <\/div>\n\n            \n<style>\n#banner-722532613 {\n  padding-top: 250px;\n  background-color: rgb(217, 217, 217);\n}\n#banner-722532613 .banner-bg img {\n  object-position: 53% 100%;\n}\n@media (min-width:550px) {\n  #banner-722532613 {\n    padding-top: 400px;\n  }\n}\n@media (min-width:850px) {\n  #banner-722532613 {\n    padding-top: 500px;\n  }\n}\n<\/style>\n  <\/div>\n\n\n\t\t<\/div>\n\t\t\t\t\t<\/div>\n\n\t\n<\/div>\n<div class=\"row\" style=\"max-width:1300px\" id=\"row-34178327\">\n\n\t<div id=\"col-504539404\" class=\"col medium-8 small-12 large-5\"  >\n\t\t\t\t<div class=\"col-inner\" style=\"background-color:rgb(255, 255, 255);\" >\n\t\t\t\n\t\t\t\n\t<div id=\"text-3019577740\" class=\"text\">\n\t\t\n<h1><span class=\"notranslate\">VITTORIA MORGANA BAY<\/span><\/h1>\n\t\t\n<style>\n#text-3019577740 {\n  font-size: 1.25rem;\n}\n<\/style>\n\t<\/div>\n\t\n<p>Esclusivo, bellissimo e direttamente sull&#8217;acqua. Il Victory Morgana Bay \u00e8 un ristorante, bar e club allo stesso tempo. A pochi passi dall&#8217;appartamento e gi\u00e0 in un mondo elegante e raffinato. Concedetevi un buon drink al bar e godetevi la splendida atmosfera.  <\/p>\n<a href=\"https:\/\/www.victorymorganabay.it\/\" class=\"button secondary is-underline\" >\n\t\t<span>Al sito web<\/span>\n\t<\/a>\n\n\t\t<\/div>\n\t\t\t\t\n<style>\n#col-504539404 > .col-inner {\n  padding: 40px 40px 40px 40px;\n  margin: -37px 0px 0px 0px;\n}\n@media (min-width:550px) {\n  #col-504539404 > .col-inner {\n    padding: 50px 50px 50px 50px;\n    margin: -270px 0px 0px 0px;\n  }\n}\n<\/style>\n\t<\/div>\n\n\t\n<\/div>\n\t\t<\/div>\n\n\t\t\n<style>\n#section_4241153 {\n  padding-top: 50px;\n  padding-bottom: 50px;\n  background-color: rgb(237, 233, 227);\n}\n@media (min-width:550px) {\n  #section_4241153 {\n    padding-top: 80px;\n    padding-bottom: 80px;\n  }\n}\n<\/style>\n\t<\/section>\n\t\n\n\t<section class=\"section\" id=\"section_1174793677\">\n\t\t<div class=\"section-bg fill\" >\n\t\t\t\t\t\t\t\t\t\n\t\t\t\n\n\t\t<\/div>\n\n\t\t\n\n\t\t<div class=\"section-content relative\">\n\t\t\t\n<div class=\"row\" style=\"max-width:1300px\" id=\"row-1453822020\">\n\n\t<div id=\"col-1920800404\" class=\"col medium-11 small-12 large-9\"  >\n\t\t\t\t<div class=\"col-inner\"  >\n\t\t\t\n\t\t\t\n\n  <div class=\"banner has-hover\" id=\"banner-931595763\">\n          <div class=\"banner-inner fill\">\n        <div class=\"banner-bg fill\" >\n            <img loading=\"lazy\" decoding=\"async\" width=\"1020\" height=\"744\" src=\"https:\/\/www.casa-daniele.it\/wp-content\/uploads\/2022\/10\/casino-san-remo-1024x747.jpg\" class=\"bg attachment-large size-large\" alt=\"\" \/>                                    \n                    <\/div>\n\t\t\n        <div class=\"banner-layers container\">\n            <div class=\"fill banner-link\"><\/div>            \n        <\/div>\n      <\/div>\n\n            \n<style>\n#banner-931595763 {\n  padding-top: 300px;\n  background-color: rgb(255, 255, 255);\n}\n#banner-931595763 .banner-bg img {\n  object-position: 44% 100%;\n}\n@media (min-width:550px) {\n  #banner-931595763 {\n    padding-top: 400px;\n  }\n}\n@media (min-width:850px) {\n  #banner-931595763 {\n    padding-top: 500px;\n  }\n}\n<\/style>\n  <\/div>\n\n\n\t\t<\/div>\n\t\t\t\t\t<\/div>\n\n\t\n<\/div>\n<div class=\"row align-right\" style=\"max-width:1300px\" id=\"row-1779498620\">\n\n\t<div id=\"col-1472485135\" class=\"col medium-10 small-12 large-6\"  >\n\t\t\t\t<div class=\"col-inner\"  >\n\t\t\t\n\t\t\t\n<div class=\"row\"  id=\"row-362246312\">\n<\/div>\n\t\t<\/div>\n\t\t\t\t\t<\/div>\n\n\t\n\n\t<div id=\"col-1824170340\" class=\"col medium-10 small-12 large-6 medium-col-first\"  >\n\t\t\t\t<div class=\"col-inner\" style=\"background-color:rgb(233, 233, 233);\" >\n\t\t\t\n\t\t\t\n\t<div id=\"text-3021584195\" class=\"text\">\n\t\t\n<h2>Casin\u00f2 di Sanremo<\/h2>\n\t\t\n<style>\n#text-3021584195 {\n  font-size: 1.25rem;\n}\n<\/style>\n\t<\/div>\n\t\n<p>Il Casin\u00f2 di Sanremo, ufficialmente chiamato Casin\u00f2 Municipale di Sanremo, \u00e8 un complesso di gioco e intrattenimento a Sanremo, sulla Riviera italiana. Bar, ristorante e naturalmente la sala giochi. La selezione di giochi \u00e8 vastissima e spazia dai tradizionali giochi francesi alle varianti americane, oltre a una vasta gamma di moderni giochi elettronici, tra cui il video poker.<\/p>\n<p>Ma non sono solo gli amici del gioco d&#8217;azzardo a trarne vantaggio. Il Casin\u00f2 di Sanremo \u00e8 uno dei teatri pi\u00f9 belli della Liguria. Vanno inoltre ricordati i &#8220;Marted\u00ec Letterari&#8221;, ai quali negli ultimi dieci anni hanno partecipato le personalit\u00e0 pi\u00f9 popolari della vita culturale italiana.  <span style=\"font-size: 14.4px;\">Merita sicuramente una visita!<\/span><\/p>\n<a href=\"https:\/\/www.casinosanremo.it\/\" class=\"button secondary is-underline\" >\n\t\t<span>Al sito web<\/span>\n\t<\/a>\n\n\t\t<\/div>\n\t\t\t\t\n<style>\n#col-1824170340 > .col-inner {\n  padding: 40px 40px 40px 40px;\n  margin: -50px 0px 0px 0px;\n}\n@media (min-width:550px) {\n  #col-1824170340 > .col-inner {\n    padding: 50px 50px 50px 50px;\n    margin: -110px 0px 0px 0px;\n  }\n}\n@media (min-width:850px) {\n  #col-1824170340 > .col-inner {\n    margin: -210px 0px 0px 0px;\n  }\n}\n<\/style>\n\t<\/div>\n\n\t\n<\/div>\n\t\t<\/div>\n\n\t\t\n<style>\n#section_1174793677 {\n  padding-top: 65px;\n  padding-bottom: 65px;\n}\n@media (min-width:850px) {\n  #section_1174793677 {\n    padding-top: 100px;\n    padding-bottom: 100px;\n  }\n}\n<\/style>\n\t<\/section>\n\t\n\n\t<section class=\"section\" id=\"section_898148240\">\n\t\t<div class=\"section-bg fill\" >\n\t\t\t\t\t\t\t\t\t\n\t\t\t\n\n\t\t<\/div>\n\n\t\t\n\n\t\t<div class=\"section-content relative\">\n\t\t\t\n\t<div id=\"gap-1568545700\" class=\"gap-element clearfix\" style=\"display:block; height:auto;\">\n\t\t\n<style>\n#gap-1568545700 {\n  padding-top: 30px;\n}\n<\/style>\n\t<\/div>\n\t\n<div class=\"row align-right\" style=\"max-width:1300px\" id=\"row-1047785605\">\n\n\t<div id=\"col-1079157837\" class=\"col medium-3 small-12 large-3\"  >\n\t\t\t\t<div class=\"col-inner\"  >\n\t\t\t\n\t\t\t\n\t<div id=\"text-2478902698\" class=\"text\">\n\t\t\n<h3><span style=\"color: #f2f2f2;\">WOW<\/span><\/h3>\n\t\t\n<style>\n#text-2478902698 {\n  font-size: 3.75rem;\n  line-height: 1;\n  color: rgb(217, 217, 217);\n}\n#text-2478902698 > * {\n  color: rgb(217, 217, 217);\n}\n@media (min-width:550px) {\n  #text-2478902698 {\n    font-size: 3rem;\n  }\n}\n@media (min-width:850px) {\n  #text-2478902698 {\n    font-size: 4rem;\n  }\n}\n<\/style>\n\t<\/div>\n\t\n\t\t<\/div>\n\t\t\t\t\t<\/div>\n\n\t\n\n\t<div id=\"col-1853208640\" class=\"col medium-9 small-12 large-9\"  >\n\t\t\t\t<div class=\"col-inner\"  >\n\t\t\t\n\t\t\t\n\n  <div class=\"banner has-hover\" id=\"banner-1504204355\">\n          <div class=\"banner-inner fill\">\n        <div class=\"banner-bg fill\" >\n            <img loading=\"lazy\" decoding=\"async\" width=\"1020\" height=\"680\" src=\"https:\/\/www.casa-daniele.it\/wp-content\/uploads\/2022\/10\/festival-sanremo-1024x683.jpg\" class=\"bg attachment-large size-large\" alt=\"\" \/>                                    \n                    <\/div>\n\t\t\n        <div class=\"banner-layers container\">\n            <div class=\"fill banner-link\"><\/div>            \n        <\/div>\n      <\/div>\n\n            \n<style>\n#banner-1504204355 {\n  padding-top: 250px;\n  background-color: rgb(217, 217, 217);\n}\n#banner-1504204355 .banner-bg img {\n  object-position: 53% 100%;\n}\n@media (min-width:550px) {\n  #banner-1504204355 {\n    padding-top: 400px;\n  }\n}\n@media (min-width:850px) {\n  #banner-1504204355 {\n    padding-top: 500px;\n  }\n}\n<\/style>\n  <\/div>\n\n\n\t\t<\/div>\n\t\t\t\t\t<\/div>\n\n\t\n<\/div>\n<div class=\"row\" style=\"max-width:1300px\" id=\"row-1330784613\">\n\n\t<div id=\"col-1401145888\" class=\"col medium-8 small-12 large-5\"  >\n\t\t\t\t<div class=\"col-inner\" style=\"background-color:rgb(255, 255, 255);\" >\n\t\t\t\n\t\t\t\n\t<div id=\"text-2741133762\" class=\"text\">\n\t\t\n<h1><span lang=\"it\">Festival della Canzone Italiana<\/span><\/h1>\n\t\t\n<style>\n#text-2741133762 {\n  font-size: 1.25rem;\n}\n<\/style>\n\t<\/div>\n\t\n<p>L&#8217;evento pi\u00f9 importante per la musica leggera in Italia. Il festival si svolge ogni anno a fine febbraio\/inizio marzo per diversi giorni a Sanremo. Il Teatro Ariston \u00e8 la sede del convegno dal 1991. Questo concorso di canzoni pop, sponsorizzato dalla comunit\u00e0 imprenditoriale e trasmesso dalla RAI, presenta solitamente titoli inediti interpretati da cantanti in italiano.<\/p>\n\t\t<\/div>\n\t\t\t\t\n<style>\n#col-1401145888 > .col-inner {\n  padding: 40px 40px 40px 40px;\n  margin: -37px 0px 0px 0px;\n}\n@media (min-width:550px) {\n  #col-1401145888 > .col-inner {\n    padding: 50px 50px 50px 50px;\n    margin: -270px 0px 0px 0px;\n  }\n}\n<\/style>\n\t<\/div>\n\n\t\n<\/div>\n\t\t<\/div>\n\n\t\t\n<style>\n#section_898148240 {\n  padding-top: 50px;\n  padding-bottom: 50px;\n  background-color: rgb(237, 233, 227);\n}\n@media (min-width:550px) {\n  #section_898148240 {\n    padding-top: 80px;\n    padding-bottom: 80px;\n  }\n}\n<\/style>\n\t<\/section>\n\t\n","protected":false},"excerpt":{"rendered":"","protected":false},"author":1,"featured_media":0,"parent":192,"menu_order":0,"comment_status":"closed","ping_status":"closed","template":"page-blank.php","meta":{"_monsterinsights_skip_tracking":false,"_monsterinsights_sitenote_active":false,"_monsterinsights_sitenote_note":"","_monsterinsights_sitenote_category":0,"footnotes":""},"class_list":["post-402","page","type-page","status-publish","hentry"],"aioseo_notices":[],"_links":{"self":[{"href":"https:\/\/www.casa-daniele.it\/it\/wp-json\/wp\/v2\/pages\/402","targetHints":{"allow":["GET"]}}],"collection":[{"href":"https:\/\/www.casa-daniele.it\/it\/wp-json\/wp\/v2\/pages"}],"about":[{"href":"https:\/\/www.casa-daniele.it\/it\/wp-json\/wp\/v2\/types\/page"}],"author":[{"embeddable":true,"href":"https:\/\/www.casa-daniele.it\/it\/wp-json\/wp\/v2\/users\/1"}],"replies":[{"embeddable":true,"href":"https:\/\/www.casa-daniele.it\/it\/wp-json\/wp\/v2\/comments?post=402"}],"version-history":[{"count":14,"href":"https:\/\/www.casa-daniele.it\/it\/wp-json\/wp\/v2\/pages\/402\/revisions"}],"predecessor-version":[{"id":457,"href":"https:\/\/www.casa-daniele.it\/it\/wp-json\/wp\/v2\/pages\/402\/revisions\/457"}],"up":[{"embeddable":true,"href":"https:\/\/www.casa-daniele.it\/it\/wp-json\/wp\/v2\/pages\/192"}],"wp:attachment":[{"href":"https:\/\/www.casa-daniele.it\/it\/wp-json\/wp\/v2\/media?parent=402"}],"curies":[{"name":"wp","href":"https:\/\/api.w.org\/{rel}","templated":true}]}}