{"id":726,"date":"2022-10-11T10:57:07","date_gmt":"2022-10-11T10:57:07","guid":{"rendered":"https:\/\/www.casa-daniele.it\/pagamento-e-cancellazione\/"},"modified":"2025-04-10T12:02:11","modified_gmt":"2025-04-10T12:02:11","slug":"pagamento-e-cancellazione","status":"publish","type":"page","link":"https:\/\/www.casa-daniele.it\/it\/pagamento-e-cancellazione\/","title":{"rendered":"Pagamento e cancellazione"},"content":{"rendered":"\n\t<section class=\"section\" id=\"section_260060362\">\n\t\t<div class=\"section-bg fill\" >\n\t\t\t\t\t\t\t\t\t\n\t\t\t\n\n\t\t<\/div>\n\n\t\t\n\n\t\t<div class=\"section-content relative\">\n\t\t\t\n\n  <div class=\"banner has-hover\" id=\"banner-168156981\">\n          <div class=\"banner-inner fill\">\n        <div class=\"banner-bg fill\" >\n            <img loading=\"lazy\" decoding=\"async\" width=\"2560\" height=\"1440\" src=\"https:\/\/www.casa-daniele.it\/wp-content\/uploads\/2022\/10\/Casa-Daniele_Schlafzimmer_3-scaled.jpg\" class=\"bg attachment-original size-original\" alt=\"\" \/>                                    \n                    <\/div>\n\t\t\n        <div class=\"banner-layers container\">\n            <div class=\"fill banner-link\"><\/div>            \n   <div id=\"text-box-1972734216\" class=\"text-box banner-layer x50 md-x50 lg-x50 y50 md-y50 lg-y50 res-text\">\n                                <div class=\"text-box-content text dark\">\n              \n              <div class=\"text-inner text-center\">\n                  \n              <\/div>\n           <\/div>\n                            \n<style>\n#text-box-1972734216 {\n  width: 60%;\n}\n#text-box-1972734216 .text-box-content {\n  font-size: 100%;\n}\n<\/style>\n    <\/div>\n \n        <\/div>\n      <\/div>\n\n            \n<style>\n#banner-168156981 {\n  padding-top: 500px;\n}\n<\/style>\n  <\/div>\n\n\n<div class=\"row\"  id=\"row-981870173\">\n\n\t<div id=\"col-1006995037\" class=\"col small-12 large-12\"  >\n\t\t\t\t<div class=\"col-inner\" style=\"background-color:rgb(255,255,255);\" >\n\t\t\t\n\t\t\t\n<h1>Pagamento<\/h1>\n<ol>\n<li>La prenotazione dell&#8217;appartamento \u00e8 possibile online. L&#8217;importo dovuto e i costi di pulizia addebitati saranno fatturati al momento della prenotazione e immediatamente addebitati sulla carta di credito.\n<\/li>\n<li>In alternativa, \u00e8 possibile concordare un pagamento in loco. In questo caso, verr\u00e0 redatto un contratto separato, che dovr\u00e0 essere firmato al momento della prenotazione.\n<\/li>\n<li>A copertura di eventuali danni e spese aggiuntive, verr\u00e0 bloccato un deposito di almeno \u20ac 200,00 sulla carta di credito indicata. Questo include spese aggiuntive come:\n<p>-&gt; Danneggiamento dell&#8217;edificio\/appartamento o dei mobili<br \/>-&gt; Furto di arredi<br \/>-&gt; Danneggiamento di arredi<br \/>-&gt; Neutralizzazione delle emissioni di odori<br \/>-&gt; Pulizia che eccede l&#8217;ambito abituale<\/li>\n<\/ol>\n\t<div id=\"gap-1665045406\" class=\"gap-element clearfix\" style=\"display:block; height:auto;\">\n\t\t\n<style>\n#gap-1665045406 {\n  padding-top: 45px;\n}\n<\/style>\n\t<\/div>\n\t\n<h1>Cancellazione<\/h1>\n<ol>\n<li>Vi preghiamo di informarci di qualsiasi cancellazione il prima possibile.  <\/li>\n<li>Nel caso in cui l&#8217;appartamento possa essere occupato diversamente per il periodo prenotato, rimborseremo i costi con una detrazione di \u20ac 150,00 per le spese amministrative.  <\/li>\n<li>Se dovessimo riuscire a prenotare altrove solo una parte dei pernottamenti prenotati, rimborseremo i costi per i pernottamenti occupati con una detrazione di \u20ac 150,00 per spese amministrative.<\/li>\n<li>Se non siamo in grado di prenotare le notti altrimenti, non verr\u00e0 effettuato alcun rimborso.<\/li>\n<li>Consigliamo ai nostri ospiti di stipulare un&#8217;assicurazione contro l&#8217;annullamento del viaggio per essere assicurati in questi casi.<\/li>\n<\/ol>\n\t\t<\/div>\n\t\t\t\t\n<style>\n#col-1006995037 > .col-inner {\n  padding: 30px 30px 30px 30px;\n  margin: -100px 0px 0px 0px;\n}\n<\/style>\n\t<\/div>\n\n\t\n<\/div>\n\t\t<\/div>\n\n\t\t\n<style>\n#section_260060362 {\n  padding-top: 0px;\n  padding-bottom: 0px;\n  background-color: rgb(237, 233, 227);\n}\n<\/style>\n\t<\/section>\n\t\n","protected":false},"excerpt":{"rendered":"","protected":false},"author":1,"featured_media":0,"parent":0,"menu_order":0,"comment_status":"closed","ping_status":"closed","template":"page-blank.php","meta":{"_monsterinsights_skip_tracking":false,"_monsterinsights_sitenote_active":false,"_monsterinsights_sitenote_note":"","_monsterinsights_sitenote_category":0,"footnotes":""},"class_list":["post-726","page","type-page","status-publish","hentry"],"aioseo_notices":[],"_links":{"self":[{"href":"https:\/\/www.casa-daniele.it\/it\/wp-json\/wp\/v2\/pages\/726","targetHints":{"allow":["GET"]}}],"collection":[{"href":"https:\/\/www.casa-daniele.it\/it\/wp-json\/wp\/v2\/pages"}],"about":[{"href":"https:\/\/www.casa-daniele.it\/it\/wp-json\/wp\/v2\/types\/page"}],"author":[{"embeddable":true,"href":"https:\/\/www.casa-daniele.it\/it\/wp-json\/wp\/v2\/users\/1"}],"replies":[{"embeddable":true,"href":"https:\/\/www.casa-daniele.it\/it\/wp-json\/wp\/v2\/comments?post=726"}],"version-history":[{"count":6,"href":"https:\/\/www.casa-daniele.it\/it\/wp-json\/wp\/v2\/pages\/726\/revisions"}],"predecessor-version":[{"id":981,"href":"https:\/\/www.casa-daniele.it\/it\/wp-json\/wp\/v2\/pages\/726\/revisions\/981"}],"wp:attachment":[{"href":"https:\/\/www.casa-daniele.it\/it\/wp-json\/wp\/v2\/media?parent=726"}],"curies":[{"name":"wp","href":"https:\/\/api.w.org\/{rel}","templated":true}]}}